{"id":25,"date":"2024-05-28T22:05:32","date_gmt":"2024-05-28T22:05:32","guid":{"rendered":"https:\/\/manycloud.net\/~armoris\/?page_id=25"},"modified":"2024-06-13T15:58:54","modified_gmt":"2024-06-13T15:58:54","slug":"about","status":"publish","type":"page","link":"https:\/\/www.armoris.com\/fr\/about\/","title":{"rendered":"Qui Sommes Nous"},"content":{"rendered":"<div data-elementor-type=\"wp-page\" data-elementor-id=\"25\" class=\"elementor elementor-25\" data-elementor-post-type=\"page\">\n\t\t\t\t<div data-dce-background-image-url=\"https:\/\/www.armoris.com\/wp-content\/uploads\/2024\/06\/armoris-car-brand-about.jpg\" class=\"elementor-element elementor-element-26dff45 e-flex e-con-boxed e-con e-parent\" data-id=\"26dff45\" data-element_type=\"container\" data-settings=\"{&quot;background_background&quot;:&quot;classic&quot;,&quot;background_motion_fx_motion_fx_scrolling&quot;:&quot;yes&quot;,&quot;background_motion_fx_scale_effect&quot;:&quot;yes&quot;,&quot;background_motion_fx_scale_direction&quot;:&quot;out-in&quot;,&quot;background_motion_fx_scale_speed&quot;:{&quot;unit&quot;:&quot;px&quot;,&quot;size&quot;:4,&quot;sizes&quot;:[]},&quot;background_motion_fx_scale_range&quot;:{&quot;unit&quot;:&quot;%&quot;,&quot;size&quot;:&quot;&quot;,&quot;sizes&quot;:{&quot;start&quot;:20,&quot;end&quot;:80}},&quot;background_motion_fx_devices&quot;:[&quot;desktop&quot;,&quot;tablet&quot;,&quot;mobile&quot;],&quot;_ha_eqh_enable&quot;:false}\">\n\t\t\t\t\t<div class=\"e-con-inner\">\n\t\t\t\t<div class=\"elementor-element elementor-element-2a1020b7 elementor-widget elementor-widget-global elementor-global-176 elementor-widget-heading\" data-id=\"2a1020b7\" data-element_type=\"widget\" data-widget_type=\"heading.default\">\n\t\t\t\t<div class=\"elementor-widget-container\">\n\t\t\t<style>\/*! elementor - v3.21.0 - 26-05-2024 *\/\n.elementor-heading-title{padding:0;margin:0;line-height:1}.elementor-widget-heading .elementor-heading-title[class*=elementor-size-]>a{color:inherit;font-size:inherit;line-height:inherit}.elementor-widget-heading .elementor-heading-title.elementor-size-small{font-size:15px}.elementor-widget-heading .elementor-heading-title.elementor-size-medium{font-size:19px}.elementor-widget-heading .elementor-heading-title.elementor-size-large{font-size:29px}.elementor-widget-heading .elementor-heading-title.elementor-size-xl{font-size:39px}.elementor-widget-heading .elementor-heading-title.elementor-size-xxl{font-size:59px}<\/style><h1 class=\"elementor-heading-title elementor-size-default\">Qui Sommes Nous<\/h1>\t\t<\/div>\n\t\t\t\t<\/div>\n\t\t\t\t<div class=\"elementor-widget-ha-breadcrumbs happy-addon ha-breadcrumbs happy-addon-pro elementor-element elementor-element-70aadddf elementor-absolute elementor-widget elementor-widget-global elementor-global-179 elementor-widget-ha-breadcrumbs\" data-id=\"70aadddf\" data-element_type=\"widget\" data-settings=\"{&quot;_position&quot;:&quot;absolute&quot;}\" data-widget_type=\"ha-breadcrumbs.default\">\n\t\t\t\t<div class=\"elementor-widget-container\">\n\t\t\t<ul class=\"ha-breadcrumbs\"><li class=\"ha-breadcrumbs-item ha-breadcrumbs-start\"><a href=\"https:\/\/www.armoris.com\/fr\/\" rel=\"home\"><span class=\"ha-breadcrumbs-text\"><span class=\"ha-breadcrumbs-home-icon\"><span class=\"fas fa-home\" aria-hidden=\"true\"><\/span><\/span><\/span><\/a><\/li><\/ul>\t\t<\/div>\n\t\t\t\t<\/div>\n\t\t\t\t\t<\/div>\n\t\t\t\t<\/div>\n\t\t<div class=\"elementor-element elementor-element-3dc4890 e-flex e-con-boxed e-con e-parent\" data-id=\"3dc4890\" data-element_type=\"container\" data-settings=\"{&quot;_ha_eqh_enable&quot;:false}\">\n\t\t\t\t\t<div class=\"e-con-inner\">\n\t\t\t\t<div class=\"elementor-element elementor-element-638f5ae elementor-widget elementor-widget-heading\" data-id=\"638f5ae\" data-element_type=\"widget\" data-widget_type=\"heading.default\">\n\t\t\t\t<div class=\"elementor-widget-container\">\n\t\t\t<h2 class=\"elementor-heading-title elementor-size-default\">Une culture de l'innovation au c\u0153ur de notre m\u00e9tier<\/h2>\t\t<\/div>\n\t\t\t\t<\/div>\n\t\t<div class=\"elementor-element elementor-element-1456483 e-flex e-con-boxed e-con e-child\" data-id=\"1456483\" data-element_type=\"container\" data-settings=\"{&quot;_ha_eqh_enable&quot;:false}\">\n\t\t\t\t\t<div class=\"e-con-inner\">\n\t\t<div class=\"elementor-element elementor-element-42eca21 e-flex e-con-boxed e-con e-child\" data-id=\"42eca21\" data-element_type=\"container\" data-settings=\"{&quot;_ha_eqh_enable&quot;:false}\">\n\t\t\t\t\t<div class=\"e-con-inner\">\n\t\t\t\t<div class=\"elementor-element elementor-element-6ee284a dce_masking-none elementor-widget elementor-widget-image\" data-id=\"6ee284a\" data-element_type=\"widget\" data-widget_type=\"image.default\">\n\t\t\t\t<div class=\"elementor-widget-container\">\n\t\t\t<style>\/*! elementor - v3.21.0 - 26-05-2024 *\/\n.elementor-widget-image{text-align:center}.elementor-widget-image a{display:inline-block}.elementor-widget-image a img[src$=\".svg\"]{width:48px}.elementor-widget-image img{vertical-align:middle;display:inline-block}<\/style>\t\t\t\t\t\t\t\t\t\t<img fetchpriority=\"high\" decoding=\"async\" width=\"800\" height=\"800\" src=\"https:\/\/www.armoris.com\/wp-content\/uploads\/2024\/06\/armoris-woman-in-car.jpg\" class=\"attachment-large size-large wp-image-517\" alt=\"\" srcset=\"https:\/\/www.armoris.com\/wp-content\/uploads\/2024\/06\/armoris-woman-in-car.jpg 1000w, https:\/\/www.armoris.com\/wp-content\/uploads\/2024\/06\/armoris-woman-in-car-300x300.jpg 300w, https:\/\/www.armoris.com\/wp-content\/uploads\/2024\/06\/armoris-woman-in-car-150x150.jpg 150w, https:\/\/www.armoris.com\/wp-content\/uploads\/2024\/06\/armoris-woman-in-car-768x768.jpg 768w\" sizes=\"(max-width: 800px) 100vw, 800px\" \/>\t\t\t\t\t\t\t\t\t\t\t\t\t<\/div>\n\t\t\t\t<\/div>\n\t\t\t\t<div class=\"elementor-element elementor-element-7685f76 elementor-absolute dce_masking-none elementor-widget elementor-widget-image\" data-id=\"7685f76\" data-element_type=\"widget\" data-settings=\"{&quot;_position&quot;:&quot;absolute&quot;}\" data-widget_type=\"image.default\">\n\t\t\t\t<div class=\"elementor-widget-container\">\n\t\t\t\t\t\t\t\t\t\t\t\t\t<img decoding=\"async\" width=\"300\" height=\"300\" src=\"https:\/\/www.armoris.com\/wp-content\/uploads\/2024\/05\/seal-warranty-delamination.png\" class=\"attachment-large size-large wp-image-206\" alt=\"\" srcset=\"https:\/\/www.armoris.com\/wp-content\/uploads\/2024\/05\/seal-warranty-delamination.png 300w, https:\/\/www.armoris.com\/wp-content\/uploads\/2024\/05\/seal-warranty-delamination-150x150.png 150w\" sizes=\"(max-width: 300px) 100vw, 300px\" \/>\t\t\t\t\t\t\t\t\t\t\t\t\t<\/div>\n\t\t\t\t<\/div>\n\t\t\t\t\t<\/div>\n\t\t\t\t<\/div>\n\t\t<div class=\"elementor-element elementor-element-6fbdf0f e-flex e-con-boxed e-con e-child\" data-id=\"6fbdf0f\" data-element_type=\"container\" data-settings=\"{&quot;_ha_eqh_enable&quot;:false}\">\n\t\t\t\t\t<div class=\"e-con-inner\">\n\t\t\t\t<div class=\"elementor-element elementor-element-a78a77c elementor-widget elementor-widget-text-editor\" data-id=\"a78a77c\" data-element_type=\"widget\" data-widget_type=\"text-editor.default\">\n\t\t\t\t<div class=\"elementor-widget-container translation-block\">ARMORIS\u00ae repr\u00e9sente le summum de l'excellence en mati\u00e8re de produits et de services d\u00e9di\u00e9s \u00e0 la protection balistique des v\u00e9hicules. Gr\u00e2ce \u00e0 un partenariat exclusif avec le leader mondial des solutions de blindage innovantes, ARMORIS\u00ae offre l'habitacle plus s\u00fbr pour les occupants dans la cat\u00e9gorie <b>BR4\/NIJ-IIIA<\/b>.\n<br><br>\nLa soci\u00e9t\u00e9 br\u00e9silienne SER\u00ae a \u00e9t\u00e9 le fer de lance des g\u00e9n\u00e9rations futures de mat\u00e9riaux de protection balistique, en pr\u00e9sentant ses gammes de verre ETERNITY\u00ae INFINITY\u00ae et TRINITY\u00ae, ainsi que les panneaux opaques UDura\u00ae et UDura\u00ae BLACK. Ces produits sont fabriqu\u00e9s \u00e0 l'aide de proc\u00e9d\u00e9s de fabrication brevet\u00e9s et b\u00e9n\u00e9ficient de la technologie Twaron\u00ae du c\u00e9l\u00e8bre groupe international japonais Teijin\u00ae. La technologie Twaron\u00ae utilise des fibres Aramid\u00ae de haute technologie, garantissant des niveaux de protection et de s\u00e9curit\u00e9 in\u00e9gal\u00e9s.<\/div>\n\t\t\t\t<\/div>\n\t\t<!-- dce invisible element 92dbaa6 -->\t\t\t<\/div>\n\t\t\t\t<\/div>\n\t\t\t\t\t<\/div>\n\t\t\t\t<\/div>\n\t\t<div class=\"elementor-element elementor-element-ad92bc5 e-flex e-con-boxed e-con e-child\" data-id=\"ad92bc5\" data-element_type=\"container\" data-settings=\"{&quot;_ha_eqh_enable&quot;:false}\">\n\t\t\t\t\t<div class=\"e-con-inner\">\n\t\t<div class=\"elementor-element elementor-element-ea95748 e-flex e-con-boxed e-con e-child\" data-id=\"ea95748\" data-element_type=\"container\" data-settings=\"{&quot;_ha_eqh_enable&quot;:false}\">\n\t\t\t\t\t<div class=\"e-con-inner\">\n\t\t\t\t<div class=\"elementor-element elementor-element-6d75061 elementor-widget elementor-widget-text-editor\" data-id=\"6d75061\" data-element_type=\"widget\" data-widget_type=\"text-editor.default\">\n\t\t\t\t<div class=\"elementor-widget-container\">\n\t\t\t\t\t\t\t<p class=\" translation-block\">La poursuite incessante de l'innovation par la soci\u00e9t\u00e9 SER\u00ae lui a non seulement permis d'\u00eatre la seule entit\u00e9 au monde <b>certifi\u00e9e et approuv\u00e9e par les deux plus grands constructeurs automobiles au monde TOYOTA\u00ae et VOLKSWAGEN\u00ae<\/b> Br\u00e9sil, mais lui permet \u00e9galement d'offrir une garantie impressionnante de 10 ans sur tous ses produits.<\/p><p class=\" translation-block\">ARMORIS\u00ae a mis au point un syst\u00e8me d'installation de protection balistique de pointe qui respecte les normes mondialement reconnues, en utilisant des produits et des certifications du plus haut niveau. Fait remarquable, le poids des kits complets varie de 280 \u00e0 440 livres (120 \u00e0 200 kg), selon le type de v\u00e9hicule, ce qui garantit qu'aucune modification des suspensions ou du bloc de freinage n'est n\u00e9cessaire. Ce choix de conception pr\u00e9serve la maniabilit\u00e9 d'origine du v\u00e9hicule et ses capacit\u00e9s de freinage d'urgence.<\/p>\t\t\t\t\t\t<\/div>\n\t\t\t\t<\/div>\n\t\t<!-- dce invisible element 1620074 -->\t\t\t<\/div>\n\t\t\t\t<\/div>\n\t\t<div class=\"elementor-element elementor-element-255be74 e-flex e-con-boxed e-con e-child\" data-id=\"255be74\" data-element_type=\"container\" data-settings=\"{&quot;_ha_eqh_enable&quot;:false}\">\n\t\t\t\t\t<div class=\"e-con-inner\">\n\t\t\t\t<div class=\"elementor-element elementor-element-4dbd854 dce_masking-none elementor-widget elementor-widget-image\" data-id=\"4dbd854\" data-element_type=\"widget\" data-widget_type=\"image.default\">\n\t\t\t\t<div class=\"elementor-widget-container\">\n\t\t\t\t\t\t\t\t\t\t\t\t\t<img decoding=\"async\" width=\"800\" height=\"800\" src=\"https:\/\/www.armoris.com\/wp-content\/uploads\/2024\/06\/armoris-black-suv-warranty-udura.jpg\" class=\"attachment-large size-large wp-image-516\" alt=\"\" srcset=\"https:\/\/www.armoris.com\/wp-content\/uploads\/2024\/06\/armoris-black-suv-warranty-udura.jpg 1000w, https:\/\/www.armoris.com\/wp-content\/uploads\/2024\/06\/armoris-black-suv-warranty-udura-300x300.jpg 300w, https:\/\/www.armoris.com\/wp-content\/uploads\/2024\/06\/armoris-black-suv-warranty-udura-150x150.jpg 150w, https:\/\/www.armoris.com\/wp-content\/uploads\/2024\/06\/armoris-black-suv-warranty-udura-768x768.jpg 768w\" sizes=\"(max-width: 800px) 100vw, 800px\" \/>\t\t\t\t\t\t\t\t\t\t\t\t\t<\/div>\n\t\t\t\t<\/div>\n\t\t\t\t\t<\/div>\n\t\t\t\t<\/div>\n\t\t\t\t\t<\/div>\n\t\t\t\t<\/div>\n\t\t\t\t\t<\/div>\n\t\t\t\t<\/div>\n\t\t<div class=\"elementor-element elementor-element-ccb5cdf e-flex e-con-boxed e-con e-parent\" data-id=\"ccb5cdf\" data-element_type=\"container\" data-settings=\"{&quot;_ha_eqh_enable&quot;:false}\">\n\t\t\t\t\t<div class=\"e-con-inner\">\n\t\t<div class=\"elementor-element elementor-element-8dd364d e-flex e-con-boxed e-con e-child\" data-id=\"8dd364d\" data-element_type=\"container\" data-settings=\"{&quot;_ha_eqh_enable&quot;:false}\">\n\t\t\t\t\t<div class=\"e-con-inner\">\n\t\t<div class=\"elementor-element elementor-element-53b77d9 e-flex e-con-boxed e-con e-child\" data-id=\"53b77d9\" data-element_type=\"container\" data-settings=\"{&quot;_ha_eqh_enable&quot;:false}\">\n\t\t\t\t\t<div class=\"e-con-inner\">\n\t\t\t\t<div class=\"elementor-element elementor-element-d50f341 dce_masking-none elementor-widget elementor-widget-image\" data-id=\"d50f341\" data-element_type=\"widget\" data-widget_type=\"image.default\">\n\t\t\t\t<div class=\"elementor-widget-container\">\n\t\t\t\t\t\t\t\t\t\t\t\t\t<img loading=\"lazy\" decoding=\"async\" width=\"300\" height=\"300\" src=\"https:\/\/www.armoris.com\/wp-content\/uploads\/2024\/05\/seal-warranty-udura-total.png\" class=\"attachment-large size-large wp-image-208\" alt=\"\" srcset=\"https:\/\/www.armoris.com\/wp-content\/uploads\/2024\/05\/seal-warranty-udura-total.png 300w, https:\/\/www.armoris.com\/wp-content\/uploads\/2024\/05\/seal-warranty-udura-total-150x150.png 150w\" sizes=\"(max-width: 300px) 100vw, 300px\" \/>\t\t\t\t\t\t\t\t\t\t\t\t\t<\/div>\n\t\t\t\t<\/div>\n\t\t\t\t\t<\/div>\n\t\t\t\t<\/div>\n\t\t<div class=\"elementor-element elementor-element-5920551 e-flex e-con-boxed e-con e-child\" data-id=\"5920551\" data-element_type=\"container\" data-settings=\"{&quot;_ha_eqh_enable&quot;:false}\">\n\t\t\t\t\t<div class=\"e-con-inner\">\n\t\t\t\t<div class=\"elementor-element elementor-element-64a7d1d dce_masking-none elementor-widget elementor-widget-image\" data-id=\"64a7d1d\" data-element_type=\"widget\" data-widget_type=\"image.default\">\n\t\t\t\t<div class=\"elementor-widget-container\">\n\t\t\t\t\t\t\t\t\t\t\t\t\t<img loading=\"lazy\" decoding=\"async\" width=\"300\" height=\"145\" src=\"https:\/\/www.armoris.com\/wp-content\/uploads\/2024\/05\/seal-warranty-nanotech-glass.png\" class=\"attachment-large size-large wp-image-207\" alt=\"\" \/>\t\t\t\t\t\t\t\t\t\t\t\t\t<\/div>\n\t\t\t\t<\/div>\n\t\t\t\t\t<\/div>\n\t\t\t\t<\/div>\n\t\t<div class=\"elementor-element elementor-element-1bcc8da e-flex e-con-boxed e-con e-child\" data-id=\"1bcc8da\" data-element_type=\"container\" data-settings=\"{&quot;_ha_eqh_enable&quot;:false}\">\n\t\t\t\t\t<div class=\"e-con-inner\">\n\t\t\t\t<div class=\"elementor-element elementor-element-023b23c dce_masking-none elementor-widget elementor-widget-image\" data-id=\"023b23c\" data-element_type=\"widget\" data-widget_type=\"image.default\">\n\t\t\t\t<div class=\"elementor-widget-container\">\n\t\t\t\t\t\t\t\t\t\t\t\t\t<img decoding=\"async\" width=\"300\" height=\"300\" src=\"https:\/\/www.armoris.com\/wp-content\/uploads\/2024\/05\/seal-warranty-delamination.png\" class=\"attachment-large size-large wp-image-206\" alt=\"\" srcset=\"https:\/\/www.armoris.com\/wp-content\/uploads\/2024\/05\/seal-warranty-delamination.png 300w, https:\/\/www.armoris.com\/wp-content\/uploads\/2024\/05\/seal-warranty-delamination-150x150.png 150w\" sizes=\"(max-width: 300px) 100vw, 300px\" \/>\t\t\t\t\t\t\t\t\t\t\t\t\t<\/div>\n\t\t\t\t<\/div>\n\t\t\t\t\t<\/div>\n\t\t\t\t<\/div>\n\t\t\t\t\t<\/div>\n\t\t\t\t<\/div>\n\t\t\t\t<div class=\"elementor-element elementor-element-19d838c elementor-widget elementor-widget-text-editor\" data-id=\"19d838c\" data-element_type=\"widget\" data-widget_type=\"text-editor.default\">\n\t\t\t\t<div class=\"elementor-widget-container\">\n\t\t\t\t\t\t\t<p>Une culture constante de l'innovation se traduit par une garantie de 10 ans pour tous nos produits et 2 ans pour les services. Une qualit\u00e9 et des performances in\u00e9gal\u00e9es reconnues par les constructeurs automobiles et les clients, avec des certifications et des homologations d\u00e9livr\u00e9es par les organisations et les instituts nationaux et internationaux les plus exigeants.<\/p>\t\t\t\t\t\t<\/div>\n\t\t\t\t<\/div>\n\t\t\t\t<div class=\"elementor-element elementor-element-a1db9aa elementor-widget elementor-widget-heading\" data-id=\"a1db9aa\" data-element_type=\"widget\" data-widget_type=\"heading.default\">\n\t\t\t\t<div class=\"elementor-widget-container\">\n\t\t\t<h2 class=\"elementor-heading-title elementor-size-default\">Si vous \u00eates int\u00e9ress\u00e9s par notre offre, notre \u00e9quipe se tient \u00e0 votre disposition.<\/h2>\t\t<\/div>\n\t\t\t\t<\/div>\n\t\t\t\t<div class=\"elementor-element elementor-element-1551841 elementor-align-center elementor-widget elementor-widget-button\" data-id=\"1551841\" data-element_type=\"widget\" data-widget_type=\"button.default\">\n\t\t\t\t<div class=\"elementor-widget-container\">\n\t\t\t\t\t<div class=\"elementor-button-wrapper\">\n\t\t\t<a class=\"elementor-button elementor-button-link elementor-size-sm\" href=\"https:\/\/www.armoris.com\/fr\/contact-us\/\">\n\t\t\t\t\t\t<span class=\"elementor-button-content-wrapper\">\n\t\t\t\t\t\t\t\t\t<span class=\"elementor-button-text\">Nous Contacter<\/span>\n\t\t\t\t\t<\/span>\n\t\t\t\t\t<\/a>\n\t\t<\/div>\n\t\t\t\t<\/div>\n\t\t\t\t<\/div>\n\t\t\t\t\t<\/div>\n\t\t\t\t<\/div>\n\t\t\t\t<\/div>","protected":false},"excerpt":{"rendered":"<p>ARMORIS\u00ae represents a pinnacle of excellence in products and services dedicated to the ballistic protection of vehicles. Through an exclusive partnership with the global leader in innovative shielding solutions, ARMORIS\u00ae offers the most secure interior for occupants in the NIJ-IIIA\/B4 category.<\/p>","protected":false},"author":1,"featured_media":1379,"parent":0,"menu_order":0,"comment_status":"closed","ping_status":"closed","template":"elementor_header_footer","meta":{"footnotes":""},"class_list":["post-25","page","type-page","status-publish","has-post-thumbnail","hentry"],"_links":{"self":[{"href":"https:\/\/www.armoris.com\/fr\/wp-json\/wp\/v2\/pages\/25","targetHints":{"allow":["GET"]}}],"collection":[{"href":"https:\/\/www.armoris.com\/fr\/wp-json\/wp\/v2\/pages"}],"about":[{"href":"https:\/\/www.armoris.com\/fr\/wp-json\/wp\/v2\/types\/page"}],"author":[{"embeddable":true,"href":"https:\/\/www.armoris.com\/fr\/wp-json\/wp\/v2\/users\/1"}],"replies":[{"embeddable":true,"href":"https:\/\/www.armoris.com\/fr\/wp-json\/wp\/v2\/comments?post=25"}],"version-history":[{"count":3,"href":"https:\/\/www.armoris.com\/fr\/wp-json\/wp\/v2\/pages\/25\/revisions"}],"predecessor-version":[{"id":1506,"href":"https:\/\/www.armoris.com\/fr\/wp-json\/wp\/v2\/pages\/25\/revisions\/1506"}],"wp:featuredmedia":[{"embeddable":true,"href":"https:\/\/www.armoris.com\/fr\/wp-json\/wp\/v2\/media\/1379"}],"wp:attachment":[{"href":"https:\/\/www.armoris.com\/fr\/wp-json\/wp\/v2\/media?parent=25"}],"curies":[{"name":"wp","href":"https:\/\/api.w.org\/{rel}","templated":true}]}}